{"id":134,"date":"2019-03-27T14:09:50","date_gmt":"2019-03-27T13:09:50","guid":{"rendered":"https:\/\/mathildezeidler.de\/?page_id=134"},"modified":"2019-03-28T17:09:36","modified_gmt":"2019-03-28T16:09:36","slug":"ueber-mich","status":"publish","type":"page","link":"https:\/\/mathildezeidler.de\/?page_id=134","title":{"rendered":"\u00dcber mich"},"content":{"rendered":"\n<p><strong>1965<\/strong>: Abschluss als &#8222;Staatlich anerkannte Schauspielerin&#8220; vor der Genossenschaft Deutscher B\u00fchnen-Angeh\u00f6rigen und des Deutschen B\u00fchnenvereins in Berlin<\/p>\n\n\n\n<p><strong>1984<\/strong>: Akademischer Grad f\u00fcr &#8222;Diplom-Sozialarbeiterin\/Sozialp\u00e4dagogin&#8220; Diplomarbeit: &#8222;Selbstzerst\u00f6rung&#8220; <\/p>\n\n\n\n<p><strong>1986<\/strong>: &#8222;Staatliche Anerkennung als Sozialarbeiter&#8220;<\/p>\n\n\n\n<p><strong>1996<\/strong>: Akademischer Grad f\u00fcr &#8222;Diplom-P\u00e4dagogin&#8220; bei der FU Berlin, Diplomarbeit: &#8222;Selbstmanagementmethoden in der Arbeit mit wegen sexuellem Mi\u00dfbrauch an Kindern straff\u00e4llig Gewordenen&#8220;<\/p>\n\n\n\n<p><strong>2003<\/strong>: Erlaubnis zur berufsm\u00e4\u00dfigen Aus\u00fcbung der Heilkunde als &#8222;Heilpraktikerin&#8220;<\/p>\n\n\n\n<p><strong>2012<\/strong>: Schriftstellerdiplom bei der Cornelia Goethe Akademie<\/p>\n\n\n\n<p><strong>2014<\/strong>: Abschluss der Grundausbildung f\u00fcr Qigong Yangsheng von Prof. Jiao Guorui, Abschlu\u00dfarbeit: &#8222;Qigong und Dynamische Atemtherapie&#8220; <\/p>\n\n\n\n<p class=\"has-medium-font-size\"> <strong>Zusatzqualifikationen<\/strong><\/p>\n\n\n\n<p><strong>1987<\/strong>: Berufsbegleitende Ausbildung zum &#8222;Spielleiter&#8220;<\/p>\n\n\n\n<p><strong>1988<\/strong>: Fortbildung in &#8222;Sexuellem Mi\u00dfbrauch&#8220;<\/p>\n\n\n\n<p><strong>1989<\/strong>: Fortbildung &#8222;Psychodrama im Prozess der Beratung&#8220;<\/p>\n\n\n\n<p><strong>1991<\/strong>: Weiterbildungsstudium in &#8222;Psychosoziale Arbeit&#8220;<\/p>\n\n\n\n<p><strong>1993<\/strong>: &#8222;Drogenprobleme im Justizvollzug&#8220;<\/p>\n\n\n\n<p><strong>1995<\/strong>: &#8222;Soziales Training mit Inhaftierten&#8220;<\/p>\n\n\n\n<p><strong>1995<\/strong>: &#8222;Leben in der arabischen Familie&#8220;<\/p>\n\n\n\n<p><strong>1997<\/strong>: &#8222;Lebenslaufs- und Biographiearbeit&#8220;<\/p>\n\n\n\n<p><strong>2005<\/strong>: Abschluss f\u00fcr &#8222;Hom\u00f6opathie&#8220;<\/p>\n\n\n\n<p>und viele andere, die jedoch hier nicht benannt werden m\u00fcssen!<\/p>\n\n\n\n<p class=\"has-medium-font-size\"><strong>Arbeitsgebiete<\/strong><\/p>\n\n\n\n<p>Langj\u00e4hrige Erfahrung als Beraterin und Therapeutin in den Bereichen Psychiatrie, Familienberatung und Justizvollzug, selbst\u00e4ndige T\u00e4tigkeit als Heilpraktikerin und Dozentin, Autorin seit 2010. <\/p>\n\n\n\n<p> <\/p>\n\n\n\n<p><\/p>\n","protected":false},"excerpt":{"rendered":"<p>1965: Abschluss als &#8222;Staatlich anerkannte Schauspielerin&#8220; vor der Genossenschaft Deutscher B\u00fchnen-Angeh\u00f6rigen und des Deutschen B\u00fchnenvereins in Berlin 1984: Akademischer Grad f\u00fcr &#8222;Diplom-Sozialarbeiterin\/Sozialp\u00e4dagogin&#8220; Diplomarbeit: &#8222;Selbstzerst\u00f6rung&#8220; 1986: &#8222;Staatliche Anerkennung als Sozialarbeiter&#8220; 1996: Akademischer Grad f\u00fcr &#8222;Diplom-P\u00e4dagogin&#8220; bei der FU Berlin, Diplomarbeit: &#8222;Selbstmanagementmethoden in der Arbeit mit wegen sexuellem Mi\u00dfbrauch an Kindern straff\u00e4llig Gewordenen&#8220; 2003: Erlaubnis zur berufsm\u00e4\u00dfigen &hellip; <\/p>\n<p class=\"link-more\"><a href=\"https:\/\/mathildezeidler.de\/?page_id=134\" class=\"more-link\"><span class=\"screen-reader-text\">\u201e\u00dcber mich\u201c<\/span> weiterlesen<\/a><\/p>\n","protected":false},"author":2,"featured_media":0,"parent":0,"menu_order":0,"comment_status":"closed","ping_status":"closed","template":"","meta":{"footnotes":""},"_links":{"self":[{"href":"https:\/\/mathildezeidler.de\/index.php?rest_route=\/wp\/v2\/pages\/134"}],"collection":[{"href":"https:\/\/mathildezeidler.de\/index.php?rest_route=\/wp\/v2\/pages"}],"about":[{"href":"https:\/\/mathildezeidler.de\/index.php?rest_route=\/wp\/v2\/types\/page"}],"author":[{"embeddable":true,"href":"https:\/\/mathildezeidler.de\/index.php?rest_route=\/wp\/v2\/users\/2"}],"replies":[{"embeddable":true,"href":"https:\/\/mathildezeidler.de\/index.php?rest_route=%2Fwp%2Fv2%2Fcomments&post=134"}],"version-history":[{"count":3,"href":"https:\/\/mathildezeidler.de\/index.php?rest_route=\/wp\/v2\/pages\/134\/revisions"}],"predecessor-version":[{"id":161,"href":"https:\/\/mathildezeidler.de\/index.php?rest_route=\/wp\/v2\/pages\/134\/revisions\/161"}],"wp:attachment":[{"href":"https:\/\/mathildezeidler.de\/index.php?rest_route=%2Fwp%2Fv2%2Fmedia&parent=134"}],"curies":[{"name":"wp","href":"https:\/\/api.w.org\/{rel}","templated":true}]}}