{"id":145,"date":"2019-03-27T14:14:17","date_gmt":"2019-03-27T13:14:17","guid":{"rendered":"https:\/\/mathildezeidler.de\/?page_id=145"},"modified":"2021-05-23T15:55:41","modified_gmt":"2021-05-23T13:55:41","slug":"fachbuecher","status":"publish","type":"page","link":"https:\/\/mathildezeidler.de\/?page_id=145","title":{"rendered":"Fachb\u00fccher"},"content":{"rendered":"\n<figure class=\"wp-block-image is-resized\"><img decoding=\"async\" loading=\"lazy\" src=\"https:\/\/mathildezeidler.de\/wp-content\/uploads\/2019\/09\/Dynamische-Atemtherapie-Mathilde-Zeidler.jpg\" alt=\"\" class=\"wp-image-230\" width=\"197\" height=\"253\" srcset=\"https:\/\/mathildezeidler.de\/wp-content\/uploads\/2019\/09\/Dynamische-Atemtherapie-Mathilde-Zeidler.jpg 366w, https:\/\/mathildezeidler.de\/wp-content\/uploads\/2019\/09\/Dynamische-Atemtherapie-Mathilde-Zeidler-234x300.jpg 234w\" sizes=\"(max-width: 197px) 100vw, 197px\" \/><\/figure>\n\n\n\n<p class=\"has-medium-font-size\"><strong>Dynamische Atemtherapie f\u00fcr ein dynamisches Leben, <\/strong><\/p>\n\n\n\n<p>2014,ML Verlag der Mediengruppe Oberfranken-Fachverlage GmbH &amp;<\/p>\n\n\n\n<p>&nbsp;\u201eDynamische Atemtherapie\u201c ist ein praktisches\n\u00dcbungsbuch mit Basiswissen zur Anleitung als Selbstanwenderin f\u00fcr\nTherapeutinnen in der praktischen Arbeit mit Klientinnen sowie f\u00fcr die\nLehrt\u00e4tigkeit von Dozentinnen. Die Autorin stellt anschaulich dar, wie unsere\nBiographie Auswirkungen auf das Atemmuster hat. Stress, Trauer, Wut, alles\nflie\u00dft mit ein und kann mitunter schwerwiegende nachhaltige Ver\u00e4nderungen des\nAtemmusters mit sich bringen.<\/p>\n\n\n\n<p>Mit den\nvielf\u00e4ltigen dynamischen \u00dcbungen kann dies jedoch nachhaltig und dauerhaft\nver\u00e4ndert werden und die zahlreichen Abbildungen helfen, die \u00dcbungen\nerfolgreich durchzuf\u00fchren \u2013 so k\u00f6nnen sich Gesundheit und Wohlbefinden wieder\neinstellen.<\/p>\n\n\n\n<p>Die Autorin w\u00e4hlte die direkte Ansprache und die Schreibweise in der weiblichen Form. Sie schlie\u00dft damit aber selbstverst\u00e4ndlich die m\u00e4nnlichen Leser mit ein.<\/p>\n\n\n\n<figure class=\"wp-block-image size-large is-resized\"><img decoding=\"async\" loading=\"lazy\" src=\"https:\/\/mathildezeidler.de\/wp-content\/uploads\/2021\/05\/media_90550502.jpeg\" alt=\"\" class=\"wp-image-259\" width=\"226\" height=\"325\" srcset=\"https:\/\/mathildezeidler.de\/wp-content\/uploads\/2021\/05\/media_90550502.jpeg 400w, https:\/\/mathildezeidler.de\/wp-content\/uploads\/2021\/05\/media_90550502-208x300.jpeg 208w\" sizes=\"(max-width: 226px) 100vw, 226px\" \/><\/figure>\n\n\n\n<p class=\"has-medium-font-size\"><strong>Demenzerkrankungen verstehen und behandeln <\/strong><\/p>\n\n\n\n<p>erschien am 26.10.2020 im ML Verlag.<\/p>\n\n\n\n<p>ISBN: 978-3-96474-361-9 \u00a0(auch als E-Book erh\u00e4ltlich)<\/p>\n\n\n\n<p><strong>Inhalt: <\/strong><\/p>\n\n\n\n<p>Demenz hat viele Gesichter &#8211; dieses Buch gibt eine \u00dcbersicht \u00fcber die unterschiedlichen Demenzformen und ihre Symptome sowie den physischen und psychischen Auswirkungen im Alltag. Es zeigt den Weg von den ersten Symptomen bis zur Diagnosestellung durch einen Facharzt auf und veranschaulicht anhand von Beispielen, wie die Erkrankung sich entwickeln kann.<\/p>\n\n\n\n<p>Was kann man tun, um den Verlauf aufzuhalten, die Lebensqualit\u00e4t zu erhalten oder sogar zu steigern? Eine Reihe von ganzheitlichen Behandlungsmethoden bieten M\u00f6glichkeiten, die noch gesunden Anteile von K\u00f6rper, Geist und Seele zu st\u00e4rken. Es werden praktische Wege aufgezeigt, um kommunikativ mit Achtung und Respekt  dem Erkrankten zu begegnen und Aggressionen auszuschlie\u00dfen. Die Autorin beschreibt die Anwendungsm\u00f6glichkeiten von z.B. progressiver Muskelanspannung, Atemtherapie, Qigong oder Shiatsu bei Demenzerkrankten und deren Angeh\u00f6rigen. Abschlie\u00dfend finden sich praktische Hinweise und Tipps zur rechtlichen und beh\u00f6rdlichen Vorsorge, wie der Kl\u00e4rung der Betreuung und Unterbringung oder dem Erstellen einer Patientenverf\u00fcgung. <\/p>\n\n\n\n<p>Das Buch richtet sich an manuelle Therapeuten, Psychotherapeuten, Sozialp\u00e4dagogen und weitere im medizinischen und pflegenden Dienst arbeitende Menschen, die einen praktischen Nutzen f\u00fcr ihre Arbeit daraus ziehen wollen. Es eignet sich auch als Lekt\u00fcre f\u00fcr Angeh\u00f6rige, die Demenzerkrankung besser verstehen wollen. <\/p>\n","protected":false},"excerpt":{"rendered":"<p>Dynamische Atemtherapie f\u00fcr ein dynamisches Leben, 2014,ML Verlag der Mediengruppe Oberfranken-Fachverlage GmbH &amp; &nbsp;\u201eDynamische Atemtherapie\u201c ist ein praktisches \u00dcbungsbuch mit Basiswissen zur Anleitung als Selbstanwenderin f\u00fcr Therapeutinnen in der praktischen Arbeit mit Klientinnen sowie f\u00fcr die Lehrt\u00e4tigkeit von Dozentinnen. Die Autorin stellt anschaulich dar, wie unsere Biographie Auswirkungen auf das Atemmuster hat. Stress, Trauer, Wut, &hellip; <\/p>\n<p class=\"link-more\"><a href=\"https:\/\/mathildezeidler.de\/?page_id=145\" class=\"more-link\"><span class=\"screen-reader-text\">\u201eFachb\u00fccher\u201c<\/span> weiterlesen<\/a><\/p>\n","protected":false},"author":2,"featured_media":0,"parent":0,"menu_order":0,"comment_status":"closed","ping_status":"closed","template":"","meta":{"footnotes":""},"_links":{"self":[{"href":"https:\/\/mathildezeidler.de\/index.php?rest_route=\/wp\/v2\/pages\/145"}],"collection":[{"href":"https:\/\/mathildezeidler.de\/index.php?rest_route=\/wp\/v2\/pages"}],"about":[{"href":"https:\/\/mathildezeidler.de\/index.php?rest_route=\/wp\/v2\/types\/page"}],"author":[{"embeddable":true,"href":"https:\/\/mathildezeidler.de\/index.php?rest_route=\/wp\/v2\/users\/2"}],"replies":[{"embeddable":true,"href":"https:\/\/mathildezeidler.de\/index.php?rest_route=%2Fwp%2Fv2%2Fcomments&post=145"}],"version-history":[{"count":6,"href":"https:\/\/mathildezeidler.de\/index.php?rest_route=\/wp\/v2\/pages\/145\/revisions"}],"predecessor-version":[{"id":261,"href":"https:\/\/mathildezeidler.de\/index.php?rest_route=\/wp\/v2\/pages\/145\/revisions\/261"}],"wp:attachment":[{"href":"https:\/\/mathildezeidler.de\/index.php?rest_route=%2Fwp%2Fv2%2Fmedia&parent=145"}],"curies":[{"name":"wp","href":"https:\/\/api.w.org\/{rel}","templated":true}]}}